{"id":2402,"date":"2023-05-22T10:50:57","date_gmt":"2023-05-22T08:50:57","guid":{"rendered":"http:\/\/vtneurope.pl\/oferta-2\/chwytaki\/"},"modified":"2023-06-20T12:22:32","modified_gmt":"2023-06-20T10:22:32","slug":"greifer","status":"publish","type":"page","link":"https:\/\/vtneurope.pl\/de\/oferta-2\/greifer\/","title":{"rendered":"Greifer"},"content":{"rendered":"","protected":false},"excerpt":{"rendered":"","protected":false},"author":2,"featured_media":0,"parent":2383,"menu_order":24,"comment_status":"closed","ping_status":"closed","template":"offer_category-page.php","meta":[],"class_list":["post-2402","page","type-page","status-publish","hentry"],"acf":[],"yoast_head":"<!-- This site is optimized with the Yoast SEO plugin v27.4 - https:\/\/yoast.com\/product\/yoast-seo-wordpress\/ -->\n<title>Greifer - VTN Europe<\/title>\n<meta name=\"robots\" content=\"index, follow, max-snippet:-1, max-image-preview:large, max-video-preview:-1\" \/>\n<link rel=\"canonical\" href=\"https:\/\/vtneurope.pl\/de\/oferta-2\/greifer\/\" \/>\n<meta property=\"og:locale\" content=\"de_DE\" \/>\n<meta property=\"og:type\" content=\"article\" \/>\n<meta property=\"og:title\" content=\"Greifer - VTN Europe\" \/>\n<meta property=\"og:url\" content=\"https:\/\/vtneurope.pl\/de\/oferta-2\/greifer\/\" \/>\n<meta property=\"og:site_name\" content=\"VTN Europe\" \/>\n<meta property=\"article:modified_time\" content=\"2023-06-20T10:22:32+00:00\" \/>\n<meta name=\"twitter:card\" content=\"summary_large_image\" \/>\n<script type=\"application\/ld+json\" class=\"yoast-schema-graph\">{\"@context\":\"https:\\\/\\\/schema.org\",\"@graph\":[{\"@type\":\"WebPage\",\"@id\":\"https:\\\/\\\/vtneurope.pl\\\/de\\\/oferta-2\\\/greifer\\\/\",\"url\":\"https:\\\/\\\/vtneurope.pl\\\/de\\\/oferta-2\\\/greifer\\\/\",\"name\":\"Greifer - VTN Europe\",\"isPartOf\":{\"@id\":\"https:\\\/\\\/vtneurope.pl\\\/de\\\/#website\"},\"datePublished\":\"2023-05-22T08:50:57+00:00\",\"dateModified\":\"2023-06-20T10:22:32+00:00\",\"breadcrumb\":{\"@id\":\"https:\\\/\\\/vtneurope.pl\\\/de\\\/oferta-2\\\/greifer\\\/#breadcrumb\"},\"inLanguage\":\"de\",\"potentialAction\":[{\"@type\":\"ReadAction\",\"target\":[\"https:\\\/\\\/vtneurope.pl\\\/de\\\/oferta-2\\\/greifer\\\/\"]}]},{\"@type\":\"BreadcrumbList\",\"@id\":\"https:\\\/\\\/vtneurope.pl\\\/de\\\/oferta-2\\\/greifer\\\/#breadcrumb\",\"itemListElement\":[{\"@type\":\"ListItem\",\"position\":1,\"name\":\"Strona g\u0142\u00f3wna\",\"item\":\"https:\\\/\\\/vtneurope.pl\\\/de\\\/\"},{\"@type\":\"ListItem\",\"position\":2,\"name\":\"Angebot\",\"item\":\"https:\\\/\\\/vtneurope.pl\\\/de\\\/oferta\\\/\"},{\"@type\":\"ListItem\",\"position\":3,\"name\":\"Greifer\"}]},{\"@type\":\"WebSite\",\"@id\":\"https:\\\/\\\/vtneurope.pl\\\/de\\\/#website\",\"url\":\"https:\\\/\\\/vtneurope.pl\\\/de\\\/\",\"name\":\"VTN Europe\",\"description\":\"Maszyny do wyburze\u0144 najwy\u017cszej jako\u015b\u0107i\",\"publisher\":{\"@id\":\"https:\\\/\\\/vtneurope.pl\\\/de\\\/#organization\"},\"potentialAction\":[{\"@type\":\"SearchAction\",\"target\":{\"@type\":\"EntryPoint\",\"urlTemplate\":\"https:\\\/\\\/vtneurope.pl\\\/de\\\/?s={search_term_string}\"},\"query-input\":{\"@type\":\"PropertyValueSpecification\",\"valueRequired\":true,\"valueName\":\"search_term_string\"}}],\"inLanguage\":\"de\"},{\"@type\":\"Organization\",\"@id\":\"https:\\\/\\\/vtneurope.pl\\\/de\\\/#organization\",\"name\":\"VTN Europe\",\"url\":\"https:\\\/\\\/vtneurope.pl\\\/de\\\/\",\"logo\":{\"@type\":\"ImageObject\",\"inLanguage\":\"de\",\"@id\":\"https:\\\/\\\/vtneurope.pl\\\/de\\\/#\\\/schema\\\/logo\\\/image\\\/\",\"url\":\"https:\\\/\\\/vtneurope.pl\\\/wp-content\\\/uploads\\\/2023\\\/02\\\/header_logo.png\",\"contentUrl\":\"https:\\\/\\\/vtneurope.pl\\\/wp-content\\\/uploads\\\/2023\\\/02\\\/header_logo.png\",\"width\":163,\"height\":89,\"caption\":\"VTN Europe\"},\"image\":{\"@id\":\"https:\\\/\\\/vtneurope.pl\\\/de\\\/#\\\/schema\\\/logo\\\/image\\\/\"}}]}<\/script>\n<!-- \/ Yoast SEO plugin. -->","yoast_head_json":{"title":"Greifer - VTN Europe","robots":{"index":"index","follow":"follow","max-snippet":"max-snippet:-1","max-image-preview":"max-image-preview:large","max-video-preview":"max-video-preview:-1"},"canonical":"https:\/\/vtneurope.pl\/de\/oferta-2\/greifer\/","og_locale":"de_DE","og_type":"article","og_title":"Greifer - VTN Europe","og_url":"https:\/\/vtneurope.pl\/de\/oferta-2\/greifer\/","og_site_name":"VTN Europe","article_modified_time":"2023-06-20T10:22:32+00:00","twitter_card":"summary_large_image","schema":{"@context":"https:\/\/schema.org","@graph":[{"@type":"WebPage","@id":"https:\/\/vtneurope.pl\/de\/oferta-2\/greifer\/","url":"https:\/\/vtneurope.pl\/de\/oferta-2\/greifer\/","name":"Greifer - VTN Europe","isPartOf":{"@id":"https:\/\/vtneurope.pl\/de\/#website"},"datePublished":"2023-05-22T08:50:57+00:00","dateModified":"2023-06-20T10:22:32+00:00","breadcrumb":{"@id":"https:\/\/vtneurope.pl\/de\/oferta-2\/greifer\/#breadcrumb"},"inLanguage":"de","potentialAction":[{"@type":"ReadAction","target":["https:\/\/vtneurope.pl\/de\/oferta-2\/greifer\/"]}]},{"@type":"BreadcrumbList","@id":"https:\/\/vtneurope.pl\/de\/oferta-2\/greifer\/#breadcrumb","itemListElement":[{"@type":"ListItem","position":1,"name":"Strona g\u0142\u00f3wna","item":"https:\/\/vtneurope.pl\/de\/"},{"@type":"ListItem","position":2,"name":"Angebot","item":"https:\/\/vtneurope.pl\/de\/oferta\/"},{"@type":"ListItem","position":3,"name":"Greifer"}]},{"@type":"WebSite","@id":"https:\/\/vtneurope.pl\/de\/#website","url":"https:\/\/vtneurope.pl\/de\/","name":"VTN Europe","description":"Maszyny do wyburze\u0144 najwy\u017cszej jako\u015b\u0107i","publisher":{"@id":"https:\/\/vtneurope.pl\/de\/#organization"},"potentialAction":[{"@type":"SearchAction","target":{"@type":"EntryPoint","urlTemplate":"https:\/\/vtneurope.pl\/de\/?s={search_term_string}"},"query-input":{"@type":"PropertyValueSpecification","valueRequired":true,"valueName":"search_term_string"}}],"inLanguage":"de"},{"@type":"Organization","@id":"https:\/\/vtneurope.pl\/de\/#organization","name":"VTN Europe","url":"https:\/\/vtneurope.pl\/de\/","logo":{"@type":"ImageObject","inLanguage":"de","@id":"https:\/\/vtneurope.pl\/de\/#\/schema\/logo\/image\/","url":"https:\/\/vtneurope.pl\/wp-content\/uploads\/2023\/02\/header_logo.png","contentUrl":"https:\/\/vtneurope.pl\/wp-content\/uploads\/2023\/02\/header_logo.png","width":163,"height":89,"caption":"VTN Europe"},"image":{"@id":"https:\/\/vtneurope.pl\/de\/#\/schema\/logo\/image\/"}}]}},"_links":{"self":[{"href":"https:\/\/vtneurope.pl\/de\/wp-json\/wp\/v2\/pages\/2402","targetHints":{"allow":["GET"]}}],"collection":[{"href":"https:\/\/vtneurope.pl\/de\/wp-json\/wp\/v2\/pages"}],"about":[{"href":"https:\/\/vtneurope.pl\/de\/wp-json\/wp\/v2\/types\/page"}],"author":[{"embeddable":true,"href":"https:\/\/vtneurope.pl\/de\/wp-json\/wp\/v2\/users\/2"}],"replies":[{"embeddable":true,"href":"https:\/\/vtneurope.pl\/de\/wp-json\/wp\/v2\/comments?post=2402"}],"version-history":[{"count":1,"href":"https:\/\/vtneurope.pl\/de\/wp-json\/wp\/v2\/pages\/2402\/revisions"}],"predecessor-version":[{"id":2403,"href":"https:\/\/vtneurope.pl\/de\/wp-json\/wp\/v2\/pages\/2402\/revisions\/2403"}],"up":[{"embeddable":true,"href":"https:\/\/vtneurope.pl\/de\/wp-json\/wp\/v2\/pages\/2383"}],"wp:attachment":[{"href":"https:\/\/vtneurope.pl\/de\/wp-json\/wp\/v2\/media?parent=2402"}],"curies":[{"name":"wp","href":"https:\/\/api.w.org\/{rel}","templated":true}]}}