{"id":1927,"date":"2023-02-27T19:48:52","date_gmt":"2023-02-27T18:48:52","guid":{"rendered":"http:\/\/vtneurope.pl\/offer\/wyburzenia\/"},"modified":"2023-06-07T12:59:44","modified_gmt":"2023-06-07T10:59:44","slug":"demolitions","status":"publish","type":"page","link":"https:\/\/vtneurope.pl\/en\/offer\/demolitions\/","title":{"rendered":"Demolitions"},"content":{"rendered":"","protected":false},"excerpt":{"rendered":"","protected":false},"author":2,"featured_media":0,"parent":1909,"menu_order":18,"comment_status":"closed","ping_status":"closed","template":"offer_category-page.php","meta":[],"class_list":["post-1927","page","type-page","status-publish","hentry"],"acf":[],"yoast_head":"<!-- This site is optimized with the Yoast SEO plugin v27.4 - https:\/\/yoast.com\/product\/yoast-seo-wordpress\/ -->\n<title>Demolitions - VTN Europe<\/title>\n<meta name=\"robots\" content=\"index, follow, max-snippet:-1, max-image-preview:large, max-video-preview:-1\" \/>\n<link rel=\"canonical\" href=\"https:\/\/vtneurope.pl\/en\/offer\/demolitions\/\" \/>\n<meta property=\"og:locale\" content=\"en_US\" \/>\n<meta property=\"og:type\" content=\"article\" \/>\n<meta property=\"og:title\" content=\"Demolitions - VTN Europe\" \/>\n<meta property=\"og:url\" content=\"https:\/\/vtneurope.pl\/en\/offer\/demolitions\/\" \/>\n<meta property=\"og:site_name\" content=\"VTN Europe\" \/>\n<meta property=\"article:modified_time\" content=\"2023-06-07T10:59:44+00:00\" \/>\n<meta name=\"twitter:card\" content=\"summary_large_image\" \/>\n<script type=\"application\/ld+json\" class=\"yoast-schema-graph\">{\"@context\":\"https:\\\/\\\/schema.org\",\"@graph\":[{\"@type\":\"WebPage\",\"@id\":\"https:\\\/\\\/vtneurope.pl\\\/en\\\/offer\\\/demolitions\\\/\",\"url\":\"https:\\\/\\\/vtneurope.pl\\\/en\\\/offer\\\/demolitions\\\/\",\"name\":\"Demolitions - VTN Europe\",\"isPartOf\":{\"@id\":\"https:\\\/\\\/vtneurope.pl\\\/en\\\/#website\"},\"datePublished\":\"2023-02-27T18:48:52+00:00\",\"dateModified\":\"2023-06-07T10:59:44+00:00\",\"breadcrumb\":{\"@id\":\"https:\\\/\\\/vtneurope.pl\\\/en\\\/offer\\\/demolitions\\\/#breadcrumb\"},\"inLanguage\":\"en-US\",\"potentialAction\":[{\"@type\":\"ReadAction\",\"target\":[\"https:\\\/\\\/vtneurope.pl\\\/en\\\/offer\\\/demolitions\\\/\"]}]},{\"@type\":\"BreadcrumbList\",\"@id\":\"https:\\\/\\\/vtneurope.pl\\\/en\\\/offer\\\/demolitions\\\/#breadcrumb\",\"itemListElement\":[{\"@type\":\"ListItem\",\"position\":1,\"name\":\"Strona g\u0142\u00f3wna\",\"item\":\"https:\\\/\\\/vtneurope.pl\\\/en\\\/\"},{\"@type\":\"ListItem\",\"position\":2,\"name\":\"Offer\",\"item\":\"https:\\\/\\\/vtneurope.pl\\\/en\\\/oferta\\\/\"},{\"@type\":\"ListItem\",\"position\":3,\"name\":\"Demolitions\"}]},{\"@type\":\"WebSite\",\"@id\":\"https:\\\/\\\/vtneurope.pl\\\/en\\\/#website\",\"url\":\"https:\\\/\\\/vtneurope.pl\\\/en\\\/\",\"name\":\"VTN Europe\",\"description\":\"Maszyny do wyburze\u0144 najwy\u017cszej jako\u015b\u0107i\",\"publisher\":{\"@id\":\"https:\\\/\\\/vtneurope.pl\\\/en\\\/#organization\"},\"potentialAction\":[{\"@type\":\"SearchAction\",\"target\":{\"@type\":\"EntryPoint\",\"urlTemplate\":\"https:\\\/\\\/vtneurope.pl\\\/en\\\/?s={search_term_string}\"},\"query-input\":{\"@type\":\"PropertyValueSpecification\",\"valueRequired\":true,\"valueName\":\"search_term_string\"}}],\"inLanguage\":\"en-US\"},{\"@type\":\"Organization\",\"@id\":\"https:\\\/\\\/vtneurope.pl\\\/en\\\/#organization\",\"name\":\"VTN Europe\",\"url\":\"https:\\\/\\\/vtneurope.pl\\\/en\\\/\",\"logo\":{\"@type\":\"ImageObject\",\"inLanguage\":\"en-US\",\"@id\":\"https:\\\/\\\/vtneurope.pl\\\/en\\\/#\\\/schema\\\/logo\\\/image\\\/\",\"url\":\"https:\\\/\\\/vtneurope.pl\\\/wp-content\\\/uploads\\\/2023\\\/02\\\/header_logo.png\",\"contentUrl\":\"https:\\\/\\\/vtneurope.pl\\\/wp-content\\\/uploads\\\/2023\\\/02\\\/header_logo.png\",\"width\":163,\"height\":89,\"caption\":\"VTN Europe\"},\"image\":{\"@id\":\"https:\\\/\\\/vtneurope.pl\\\/en\\\/#\\\/schema\\\/logo\\\/image\\\/\"}}]}<\/script>\n<!-- \/ Yoast SEO plugin. -->","yoast_head_json":{"title":"Demolitions - VTN Europe","robots":{"index":"index","follow":"follow","max-snippet":"max-snippet:-1","max-image-preview":"max-image-preview:large","max-video-preview":"max-video-preview:-1"},"canonical":"https:\/\/vtneurope.pl\/en\/offer\/demolitions\/","og_locale":"en_US","og_type":"article","og_title":"Demolitions - VTN Europe","og_url":"https:\/\/vtneurope.pl\/en\/offer\/demolitions\/","og_site_name":"VTN Europe","article_modified_time":"2023-06-07T10:59:44+00:00","twitter_card":"summary_large_image","schema":{"@context":"https:\/\/schema.org","@graph":[{"@type":"WebPage","@id":"https:\/\/vtneurope.pl\/en\/offer\/demolitions\/","url":"https:\/\/vtneurope.pl\/en\/offer\/demolitions\/","name":"Demolitions - VTN Europe","isPartOf":{"@id":"https:\/\/vtneurope.pl\/en\/#website"},"datePublished":"2023-02-27T18:48:52+00:00","dateModified":"2023-06-07T10:59:44+00:00","breadcrumb":{"@id":"https:\/\/vtneurope.pl\/en\/offer\/demolitions\/#breadcrumb"},"inLanguage":"en-US","potentialAction":[{"@type":"ReadAction","target":["https:\/\/vtneurope.pl\/en\/offer\/demolitions\/"]}]},{"@type":"BreadcrumbList","@id":"https:\/\/vtneurope.pl\/en\/offer\/demolitions\/#breadcrumb","itemListElement":[{"@type":"ListItem","position":1,"name":"Strona g\u0142\u00f3wna","item":"https:\/\/vtneurope.pl\/en\/"},{"@type":"ListItem","position":2,"name":"Offer","item":"https:\/\/vtneurope.pl\/en\/oferta\/"},{"@type":"ListItem","position":3,"name":"Demolitions"}]},{"@type":"WebSite","@id":"https:\/\/vtneurope.pl\/en\/#website","url":"https:\/\/vtneurope.pl\/en\/","name":"VTN Europe","description":"Maszyny do wyburze\u0144 najwy\u017cszej jako\u015b\u0107i","publisher":{"@id":"https:\/\/vtneurope.pl\/en\/#organization"},"potentialAction":[{"@type":"SearchAction","target":{"@type":"EntryPoint","urlTemplate":"https:\/\/vtneurope.pl\/en\/?s={search_term_string}"},"query-input":{"@type":"PropertyValueSpecification","valueRequired":true,"valueName":"search_term_string"}}],"inLanguage":"en-US"},{"@type":"Organization","@id":"https:\/\/vtneurope.pl\/en\/#organization","name":"VTN Europe","url":"https:\/\/vtneurope.pl\/en\/","logo":{"@type":"ImageObject","inLanguage":"en-US","@id":"https:\/\/vtneurope.pl\/en\/#\/schema\/logo\/image\/","url":"https:\/\/vtneurope.pl\/wp-content\/uploads\/2023\/02\/header_logo.png","contentUrl":"https:\/\/vtneurope.pl\/wp-content\/uploads\/2023\/02\/header_logo.png","width":163,"height":89,"caption":"VTN Europe"},"image":{"@id":"https:\/\/vtneurope.pl\/en\/#\/schema\/logo\/image\/"}}]}},"_links":{"self":[{"href":"https:\/\/vtneurope.pl\/en\/wp-json\/wp\/v2\/pages\/1927","targetHints":{"allow":["GET"]}}],"collection":[{"href":"https:\/\/vtneurope.pl\/en\/wp-json\/wp\/v2\/pages"}],"about":[{"href":"https:\/\/vtneurope.pl\/en\/wp-json\/wp\/v2\/types\/page"}],"author":[{"embeddable":true,"href":"https:\/\/vtneurope.pl\/en\/wp-json\/wp\/v2\/users\/2"}],"replies":[{"embeddable":true,"href":"https:\/\/vtneurope.pl\/en\/wp-json\/wp\/v2\/comments?post=1927"}],"version-history":[{"count":3,"href":"https:\/\/vtneurope.pl\/en\/wp-json\/wp\/v2\/pages\/1927\/revisions"}],"predecessor-version":[{"id":1986,"href":"https:\/\/vtneurope.pl\/en\/wp-json\/wp\/v2\/pages\/1927\/revisions\/1986"}],"up":[{"embeddable":true,"href":"https:\/\/vtneurope.pl\/en\/wp-json\/wp\/v2\/pages\/1909"}],"wp:attachment":[{"href":"https:\/\/vtneurope.pl\/en\/wp-json\/wp\/v2\/media?parent=1927"}],"curies":[{"name":"wp","href":"https:\/\/api.w.org\/{rel}","templated":true}]}}